{"id":361,"date":"2024-01-08T12:22:10","date_gmt":"2024-01-08T11:22:10","guid":{"rendered":"https:\/\/familyrave.fr\/?page_id=361"},"modified":"2025-05-07T15:36:32","modified_gmt":"2025-05-07T13:36:32","slug":"bisanne-1500-station-de-ski-en-savoie","status":"publish","type":"page","link":"https:\/\/familyrave.fr\/","title":{"rendered":"Bisanne 1500, station de ski en Savoie"},"content":{"rendered":"\t\t<div data-elementor-type=\"wp-page\" data-elementor-id=\"361\" class=\"elementor elementor-361\" data-elementor-settings=\"{&quot;ha_cmc_init_switcher&quot;:&quot;no&quot;}\">\n\t\t\t\t\t\t<section class=\"elementor-section elementor-top-section elementor-element elementor-element-68781850 elementor-section-boxed elementor-section-height-default elementor-section-height-default wpr-particle-no wpr-jarallax-no wpr-parallax-no wpr-sticky-section-no\" data-id=\"68781850\" data-element_type=\"section\" data-settings=\"{&quot;_ha_eqh_enable&quot;:false}\">\n\t\t\t\t\t\t<div class=\"elementor-container elementor-column-gap-default\">\n\t\t\t\t\t<div class=\"elementor-column elementor-col-100 elementor-top-column elementor-element elementor-element-11b38fcc\" data-id=\"11b38fcc\" data-element_type=\"column\">\n\t\t\t<div class=\"elementor-widget-wrap elementor-element-populated\">\n\t\t\t\t\t\t<div class=\"elementor-element elementor-element-2d0db907 elementor-widget elementor-widget-text-editor\" data-id=\"2d0db907\" data-element_type=\"widget\" data-widget_type=\"text-editor.default\">\n\t\t\t\t<div class=\"elementor-widget-container\">\n\t\t\t\t\t\t\t\t\t\n<div class=\"wp-block-group alignfull has-accent-4-background-color has-background is-vertical is-content-justification-center is-nowrap is-layout-flex wp-container-core-group-is-layout-2215816d wp-block-group-is-layout-flex\" style=\"min-height:100vh;margin-top:0;margin-bottom:0;padding-top:var(--wp--preset--spacing--50);padding-right:var(--wp--preset--spacing--50);padding-bottom:var(--wp--preset--spacing--50);padding-left:var(--wp--preset--spacing--50)\">\n<div class=\"wp-block-columns alignwide are-vertically-aligned-center is-layout-flex wp-container-core-columns-is-layout-47c06fe3 wp-block-columns-is-layout-flex\">\n<div class=\"wp-block-column is-vertically-aligned-center is-layout-flow wp-block-column-is-layout-flow\" style=\"flex-basis:40%\">\n<div class=\"wp-block-group is-layout-flow wp-container-core-group-is-layout-8f7ed23f wp-block-group-is-layout-flow\" style=\"min-height:100%;margin-top:0;margin-bottom:0;padding-right:0;padding-left:0\">\n<div class=\"wp-block-group is-content-justification-left is-layout-constrained wp-container-core-group-is-layout-0207514c wp-block-group-is-layout-constrained\" style=\"padding-right:0;padding-left:0\">\n<p class=\"has-text-align-center wp-container-content-0733e5d0\"><em>Vous recherchez la station id\u00e9ale pour votre s\u00e9jour au ski en Savoie ?<\/em><\/p>\n\n\n\n<p class=\"has-text-align-center\">Ouverte en saison d\u2019hiver comme en \u00e9t\u00e9, reli\u00e9e avec la station des Saisies, vous pourrez vous laisser emmener \u00e0 la d\u00e9couverte de ce petit coin de Beaufortain au travers de nombreuses activit\u00e9s.<\/p>\n\n\n\n<p class=\"has-text-align-center\">Tr\u00e8s facilement accessible, la station de Bisanne 1500, permet le ski pour tous et pour tous les niveaux.<\/p>\n\n\n\n<p class=\"has-text-align-center\">L\u2019\u00e9t\u00e9, vous serez port\u00e9s par le panorama grandiose sur le Mont-Blanc et la cha\u00eene du Beaufortain pour r\u00e9aliser des balades ou des randonn\u00e9es \u00e0 couper le souffle&nbsp;!<\/p>\n\n\n\n<div class=\"wp-block-buttons is-layout-flex wp-block-buttons-is-layout-flex\"><\/div>\n<\/div>\n<\/div>\n<\/div>\n\n\n\n<div class=\"wp-block-column is-vertically-aligned-top is-layout-flow wp-block-column-is-layout-flow\" style=\"flex-basis:60%\">\n<figure class=\"wp-block-image size-large is-style-rounded\"><img fetchpriority=\"high\" decoding=\"async\" width=\"1024\" height=\"768\" src=\"https:\/\/familyrave.fr\/wp-content\/uploads\/2024\/01\/IMG_1970-1024x768.jpg\" alt=\"\" class=\"wp-image-338\" style=\"aspect-ratio:3\/4;object-fit:cover\" srcset=\"https:\/\/familyrave.fr\/wp-content\/uploads\/2024\/01\/IMG_1970-1024x768.jpg 1024w, https:\/\/familyrave.fr\/wp-content\/uploads\/2024\/01\/IMG_1970-300x225.jpg 300w, https:\/\/familyrave.fr\/wp-content\/uploads\/2024\/01\/IMG_1970-768x576.jpg 768w, https:\/\/familyrave.fr\/wp-content\/uploads\/2024\/01\/IMG_1970-1536x1152.jpg 1536w, https:\/\/familyrave.fr\/wp-content\/uploads\/2024\/01\/IMG_1970-2048x1536.jpg 2048w\" sizes=\"(max-width: 1024px) 100vw, 1024px\" \/><\/figure>\n<\/div>\n<\/div>\n<\/div>\n\n\n\n<div class=\"wp-block-group alignfull has-accent-4-background-color has-background is-vertical is-content-justification-center is-nowrap is-layout-flex wp-container-core-group-is-layout-2215816d wp-block-group-is-layout-flex\" style=\"min-height:100vh;margin-top:0;margin-bottom:0;padding-top:var(--wp--preset--spacing--50);padding-right:var(--wp--preset--spacing--50);padding-bottom:var(--wp--preset--spacing--50);padding-left:var(--wp--preset--spacing--50)\">\n<div class=\"wp-block-columns alignwide are-vertically-aligned-center is-layout-flex wp-container-core-columns-is-layout-47c06fe3 wp-block-columns-is-layout-flex\">\n<div class=\"wp-block-column is-vertically-aligned-center is-layout-flow wp-block-column-is-layout-flow\" style=\"flex-basis:50%\">\n<div class=\"wp-block-group is-layout-flow wp-container-core-group-is-layout-8f7ed23f wp-block-group-is-layout-flow\" style=\"min-height:100%;margin-top:0;margin-bottom:0;padding-right:0;padding-left:0\">\n<figure class=\"wp-block-gallery has-nested-images columns-default is-cropped wp-block-gallery-2 is-content-justification-left is-layout-constrained wp-container-core-gallery-is-layout-30b05693 wp-block-gallery-is-layout-constrained\" style=\"padding-right:0;padding-left:0\">\n<figure class=\"wp-block-image size-full is-style-rounded wp-container-content-0733e5d0\"><img decoding=\"async\" width=\"2560\" height=\"1920\" data-id=\"325\" src=\"https:\/\/familyrave.fr\/wp-content\/uploads\/2024\/01\/immeuble-dessous-scaled.jpg\" alt=\"\" class=\"wp-image-325\" srcset=\"https:\/\/familyrave.fr\/wp-content\/uploads\/2024\/01\/immeuble-dessous-scaled.jpg 2560w, https:\/\/familyrave.fr\/wp-content\/uploads\/2024\/01\/immeuble-dessous-300x225.jpg 300w, https:\/\/familyrave.fr\/wp-content\/uploads\/2024\/01\/immeuble-dessous-1024x768.jpg 1024w, https:\/\/familyrave.fr\/wp-content\/uploads\/2024\/01\/immeuble-dessous-768x576.jpg 768w, https:\/\/familyrave.fr\/wp-content\/uploads\/2024\/01\/immeuble-dessous-1536x1152.jpg 1536w, https:\/\/familyrave.fr\/wp-content\/uploads\/2024\/01\/immeuble-dessous-2048x1536.jpg 2048w\" sizes=\"(max-width: 2560px) 100vw, 2560px\" \/><\/figure>\n<\/figure>\n<\/div>\n<\/div>\n\n\n\n<div class=\"wp-block-column is-layout-flow wp-block-column-is-layout-flow\" style=\"flex-basis:50%\">\n<div class=\"wp-block-group has-x-large-font-size is-content-justification-center is-layout-constrained wp-container-core-group-is-layout-93bbad8f wp-block-group-is-layout-constrained\" style=\"min-height:0px;padding-top:var(--wp--preset--spacing--60);padding-right:0;padding-bottom:var(--wp--preset--spacing--60);padding-left:0\">\n<p class=\"has-text-align-center wp-container-content-0733e5d0\">Description de l&rsquo;appartement<\/p>\n\n\n\n<ul class=\"has-black-color has-text-color has-medium-font-size wp-block-list\">\n<li>Appartement de 4 \u00e0 6 personnes<\/li>\n\n\n\n<li>2 chambres<\/li>\n\n\n\n<li>2 salles de bains<\/li>\n\n\n\n<li>Terrasse<\/li>\n\n\n\n<li>Parking sous terrain pour 1 v\u00e9hicule<\/li>\n\n\n\n<li>Acc\u00e8s piscine couverte de la r\u00e9sidence<\/li>\n<\/ul>\n\n\n\n<div class=\"wp-block-buttons is-layout-flex wp-block-buttons-is-layout-flex\">\n<div class=\"wp-block-button\"><a class=\"wp-block-button__link wp-element-button\" href=\"http:\/\/airbnb.com\/h\/bisanne1500\" target=\"_blank\" rel=\"noreferrer noopener\">Disponibilit\u00e9s<\/a><\/div>\n<\/div>\n<\/div>\n<\/div>\n<\/div>\n<\/div>\n\n\n\n<div class=\"wp-block-group alignfull has-accent-4-background-color has-background is-vertical is-content-justification-center is-nowrap is-layout-flex wp-container-core-group-is-layout-2215816d wp-block-group-is-layout-flex\" style=\"min-height:100vh;margin-top:0;margin-bottom:0;padding-top:var(--wp--preset--spacing--50);padding-right:var(--wp--preset--spacing--50);padding-bottom:var(--wp--preset--spacing--50);padding-left:var(--wp--preset--spacing--50)\">\n<div class=\"wp-block-columns alignwide are-vertically-aligned-center is-layout-flex wp-container-core-columns-is-layout-47c06fe3 wp-block-columns-is-layout-flex\">\n<div class=\"wp-block-column is-vertically-aligned-center is-layout-flow wp-block-column-is-layout-flow\" style=\"flex-basis:50%\">\n<div class=\"wp-block-group is-layout-flow wp-container-core-group-is-layout-8f7ed23f wp-block-group-is-layout-flow\" style=\"min-height:100%;margin-top:0;margin-bottom:0;padding-right:0;padding-left:0\">\n<p class=\"has-text-align-center\"><em>R\u00e9servez sans passer par AirBnB ?<\/em><\/p>\n\n\n\n<p class=\"has-text-align-center\">Vous souhaitez r\u00e9servez directement sans passer par AirBnb suivez le lien ci-dessous<\/p>\n<\/div>\n\n\n\n<div class=\"wp-block-buttons is-content-justification-center is-layout-flex wp-container-core-buttons-is-layout-a89b3969 wp-block-buttons-is-layout-flex\">\n<div class=\"wp-block-button\"><a class=\"wp-block-button__link wp-element-button\" href=\"https:\/\/familyrave.fr\/index.php\/contact\/\" target=\"_blank\" rel=\"noreferrer noopener\">R\u00e9servez<\/a><\/div>\n<\/div>\n<\/div>\n\n\n\n<div class=\"wp-block-column is-layout-flow wp-block-column-is-layout-flow\" style=\"flex-basis:50%\">\n<figure class=\"wp-block-image size-large is-resized is-style-rounded\"><img decoding=\"async\" width=\"1024\" height=\"683\" src=\"https:\/\/familyrave.fr\/wp-content\/uploads\/2020\/05\/LoungeKitchen-1024x683.jpeg\" alt=\"\" class=\"wp-image-15\" style=\"width:986px;height:auto\" srcset=\"https:\/\/familyrave.fr\/wp-content\/uploads\/2020\/05\/LoungeKitchen-1024x683.jpeg 1024w, https:\/\/familyrave.fr\/wp-content\/uploads\/2020\/05\/LoungeKitchen-300x200.jpeg 300w, https:\/\/familyrave.fr\/wp-content\/uploads\/2020\/05\/LoungeKitchen-768x512.jpeg 768w, https:\/\/familyrave.fr\/wp-content\/uploads\/2020\/05\/LoungeKitchen-1536x1024.jpeg 1536w, https:\/\/familyrave.fr\/wp-content\/uploads\/2020\/05\/LoungeKitchen-2048x1365.jpeg 2048w, https:\/\/familyrave.fr\/wp-content\/uploads\/2020\/05\/LoungeKitchen-1568x1045.jpeg 1568w, https:\/\/familyrave.fr\/wp-content\/uploads\/2020\/05\/LoungeKitchen-450x300.jpeg 450w\" sizes=\"(max-width: 1024px) 100vw, 1024px\" \/><\/figure>\n<\/div>\n<\/div>\n\n\n\n<div class=\"wp-block-columns alignwide are-vertically-aligned-center is-layout-flex wp-container-core-columns-is-layout-47c06fe3 wp-block-columns-is-layout-flex\">\n<div class=\"wp-block-column is-layout-flow wp-block-column-is-layout-flow\"><\/div>\n\n\n\n<div class=\"wp-block-column is-layout-flow wp-block-column-is-layout-flow\"><\/div>\n<\/div>\n<\/div>\n\t\t\t\t\t\t\t\t<\/div>\n\t\t\t\t<\/div>\n\t\t\t\t\t<\/div>\n\t\t<\/div>\n\t\t\t\t\t<\/div>\n\t\t<\/section>\n\t\t\t\t<\/div>\n\t\t","protected":false},"excerpt":{"rendered":"<p>Vous recherchez la station id\u00e9ale pour votre s\u00e9jour au ski en Savoie ? Ouverte en saison d\u2019hiver comme en \u00e9t\u00e9, reli\u00e9e avec la station des Saisies, vous pourrez vous laisser emmener \u00e0 la d\u00e9couverte de ce petit coin de Beaufortain au travers de nombreuses activit\u00e9s. Tr\u00e8s facilement accessible, la station de Bisanne 1500, permet le ski pour tous et pour tous les niveaux. L\u2019\u00e9t\u00e9, vous serez port\u00e9s par le panorama grandiose sur le Mont-Blanc et la cha\u00eene du Beaufortain pour r\u00e9aliser des balades ou des randonn\u00e9es \u00e0 couper le souffle&nbsp;! Description de l&rsquo;appartement R\u00e9servez sans passer par AirBnB ? Vous souhaitez r\u00e9servez directement sans passer par AirBnb suivez le lien ci-dessous<\/p>\n","protected":false},"author":1,"featured_media":0,"parent":0,"menu_order":0,"comment_status":"closed","ping_status":"closed","template":"","meta":{"site-sidebar-layout":"default","site-content-layout":"","ast-site-content-layout":"","site-content-style":"default","site-sidebar-style":"default","ast-global-header-display":"","ast-banner-title-visibility":"","ast-main-header-display":"","ast-hfb-above-header-display":"","ast-hfb-below-header-display":"","ast-hfb-mobile-header-display":"","site-post-title":"","ast-breadcrumbs-content":"","ast-featured-img":"","footer-sml-layout":"","theme-transparent-header-meta":"","adv-header-id-meta":"","stick-header-meta":"","header-above-stick-meta":"","header-main-stick-meta":"","header-below-stick-meta":"","astra-migrate-meta-layouts":"default","ast-page-background-enabled":"default","ast-page-background-meta":{"desktop":{"background-color":"var(--ast-global-color-5)","background-image":"","background-repeat":"repeat","background-position":"center center","background-size":"auto","background-attachment":"scroll","background-type":"","background-media":"","overlay-type":"","overlay-color":"","overlay-opacity":"","overlay-gradient":""},"tablet":{"background-color":"","background-image":"","background-repeat":"repeat","background-position":"center center","background-size":"auto","background-attachment":"scroll","background-type":"","background-media":"","overlay-type":"","overlay-color":"","overlay-opacity":"","overlay-gradient":""},"mobile":{"background-color":"","background-image":"","background-repeat":"repeat","background-position":"center center","background-size":"auto","background-attachment":"scroll","background-type":"","background-media":"","overlay-type":"","overlay-color":"","overlay-opacity":"","overlay-gradient":""}},"ast-content-background-meta":{"desktop":{"background-color":"var(--ast-global-color-4)","background-image":"","background-repeat":"repeat","background-position":"center center","background-size":"auto","background-attachment":"scroll","background-type":"","background-media":"","overlay-type":"","overlay-color":"","overlay-opacity":"","overlay-gradient":""},"tablet":{"background-color":"var(--ast-global-color-4)","background-image":"","background-repeat":"repeat","background-position":"center center","background-size":"auto","background-attachment":"scroll","background-type":"","background-media":"","overlay-type":"","overlay-color":"","overlay-opacity":"","overlay-gradient":""},"mobile":{"background-color":"var(--ast-global-color-4)","background-image":"","background-repeat":"repeat","background-position":"center center","background-size":"auto","background-attachment":"scroll","background-type":"","background-media":"","overlay-type":"","overlay-color":"","overlay-opacity":"","overlay-gradient":""}},"footnotes":""},"class_list":["post-361","page","type-page","status-publish","hentry"],"_links":{"self":[{"href":"https:\/\/familyrave.fr\/index.php\/wp-json\/wp\/v2\/pages\/361","targetHints":{"allow":["GET"]}}],"collection":[{"href":"https:\/\/familyrave.fr\/index.php\/wp-json\/wp\/v2\/pages"}],"about":[{"href":"https:\/\/familyrave.fr\/index.php\/wp-json\/wp\/v2\/types\/page"}],"author":[{"embeddable":true,"href":"https:\/\/familyrave.fr\/index.php\/wp-json\/wp\/v2\/users\/1"}],"replies":[{"embeddable":true,"href":"https:\/\/familyrave.fr\/index.php\/wp-json\/wp\/v2\/comments?post=361"}],"version-history":[{"count":27,"href":"https:\/\/familyrave.fr\/index.php\/wp-json\/wp\/v2\/pages\/361\/revisions"}],"predecessor-version":[{"id":519,"href":"https:\/\/familyrave.fr\/index.php\/wp-json\/wp\/v2\/pages\/361\/revisions\/519"}],"wp:attachment":[{"href":"https:\/\/familyrave.fr\/index.php\/wp-json\/wp\/v2\/media?parent=361"}],"curies":[{"name":"wp","href":"https:\/\/api.w.org\/{rel}","templated":true}]}}